{"id":82,"date":"2019-10-07T09:51:22","date_gmt":"2019-10-07T06:51:22","guid":{"rendered":"http:\/\/www.kuopiolive.fi\/?page_id=82"},"modified":"2024-09-17T14:35:54","modified_gmt":"2024-09-17T11:35:54","slug":"ohjeistus","status":"publish","type":"page","link":"https:\/\/www.kuopiolive.fi\/?page_id=82","title":{"rendered":"Ohjeistus"},"content":{"rendered":"<p><strong>Tervetuloa Kuopio Liven Joulutapahtumaan!<\/strong><\/p>\n<p>Kuopio Live -Facebook ryhm\u00e4 j\u00e4rjest\u00e4\u00e4 TALKOO VOIMIN jouluisen myyntitapahtuman, joka kantaa nime\u00e4 Joulukyl\u00e4 ja Tori. Ei ole mik\u00e4\u00e4n salaisuus, ett\u00e4 esikuvana tapahtumalle on mm. Saksan joulutorit, jotka huokuvat jouluista tunnelmaa tuoksuineen, makuineen ja tuotteineen .<\/p>\n<p>Tapahtuman takana ei ole mit\u00e4\u00e4n isoa koneistoa, vaan paikallisia yritt\u00e4ji\u00e4, jotka tekev\u00e4t tapahtumaa vapaaehtoisesti ilman korvausta. Tapahtuman ideana on tarjota paikallisille yritt\u00e4jille kohtuuhintainen markkinapaikka. Tapahtuma j\u00e4rjestet\u00e4\u00e4n nyt kolmatta kertaa ja ensimmm\u00e4inen tapahtuma sai supersuosion ker\u00e4ten yli 10.000 k\u00e4vij\u00e4\u00e4 jotka kirjaimellisesti ostivat monet myyntip\u00f6yd\u00e4t tyhjiksi. Viime vuonna tapahtuma ylitti edelliset vuodet ja k\u00e4vij\u00f6it\u00e4 oli noin 15.000!<\/p>\n<p><strong>PAIKKA<br \/>\n<\/strong><br \/>\nJoulutapahtuma pidet\u00e4\u00e4n t\u00e4n\u00e4 vuonna Kuopion lev\u00e4sell\u00e4 Kauppapaikka Hermanissa.<\/p>\n<p><strong>MYYJ\u00c4KSI?<br \/>\n<\/strong><br \/>\nNyt toivotammekin SINUT hyv\u00e4 paikallinen savolainen yritt\u00e4j\u00e4, tervetulleeksi myym\u00e4\u00e4n t\u00e4h\u00e4n aivan uudenlaiseen tapahtumaan.<\/p>\n<p>Teemana on erityisesti paikallisuus, kotimaisuus ja tietenkin joulu. Toivommekin mukaan myyji\u00e4, joiden tuotevalikoima sopii tapahtuman henkeen. Olemme asettaneet myyjille hiukan reunaehtoja, jotta tapahtuman teema ei k\u00e4rsi.<\/p>\n<p><strong>Suosimme kotimaista ja k\u00e4sity\u00f6t\u00e4<br \/>\n<\/strong>Toivomme myyjilt\u00e4mme l\u00f6ytyv\u00e4n jotain mit\u00e4 ei marketista l\u00f6ydy. Eth\u00e4n tule myym\u00e4\u00e4n jotain, mit\u00e4 l\u00f6ytyy jokaisesta marketista ja jossa lukee made china.<\/p>\n<p><strong>Ostokset heti mukaan<br \/>\n<\/strong>Asiakkaiden tulee saada ostoksensa heti mukaan. T\u00e4m\u00e4 tapahtuma ei siis ole esittelij\u00f6it\u00e4 (verkostomarkkinointia) varten vaan myyji\u00e4.<br \/>\nTilaa on rajallinen m\u00e4\u00e4r\u00e4, joten t\u00e4m\u00e4 rajaus tulee osittain my\u00f6s siit\u00e4 johtuen.<\/p>\n<p><strong>Jouluinen pukeutuminen<\/strong><br \/>\nToivomme myyjilt\u00e4 joulumielt\u00e4 ja heitt\u00e4ytymist\u00e4, joten puethan edes tonttulakin \ud83d\ude09<\/p>\n<p><strong>Yhten\u00e4iset p\u00f6yd\u00e4t<\/strong><br \/>\nJotta saamme luotua tuon ihanan joulumaan ja torin, vaatii se yhteisty\u00f6t\u00e4 ja yhten\u00e4ist\u00e4 visuaalista ilmett\u00e4, joten:<br \/>\nValkea pohja toimii hyvin p\u00f6t\u00e4liinassa, punainen ja vihre\u00e4 korostus v\u00e4rein\u00e4 (joulun v\u00e4rit)<br \/>\nLuonnonkoristeet: k\u00e4vyt, havut jne.<br \/>\nLyhtyj\u00e4, tonttuja, poroja yms. Somisteina<br \/>\nTehd\u00e4\u00e4n yhdess\u00e4 yhteinen.<\/p>\n<p><strong>MYYNTIP\u00d6YD\u00c4T<br \/>\n<\/strong>Omia p\u00f6yti\u00e4 ei tarvitse tuoda, vaan ne l\u00f6ytyv\u00e4t valmiina paikan p\u00e4\u00e4lt\u00e4.\u00a0 Rekkej\u00e4 tai muuta myyntikalustoa ei ole tapahtuman puolesta.<\/p>\n<p><strong>MYYNTIPAIKAT<\/strong><br \/>\nYhden myyntipaikan koko on yksi p\u00f6yt\u00e4. P\u00f6yd\u00e4t ovat noin 150cm leveit\u00e4. Jos tarvitset p\u00f6yd\u00e4n lis\u00e4ksi tilaa esimerkiksi rekille, ilmoitathan siit\u00e4 ilmoittautumisen yhteydess\u00e4. Pyrin suunnittelemaan tilan niin, ett\u00e4 jokaiselle myyj\u00e4lle l\u00f6ytyisi optimaalinen tila, MUTTA paikkaa ei voi itse valita.<\/p>\n<p>P\u00f6yt\u00e4kartta tullaan julkistamaan heti, kun alkaa hahmottua myyjien m\u00e4\u00e4r\u00e4 ja paikkatoiveet.<\/p>\n<p><strong>MYYNTIPAIKAN HINTA<br \/>\n<\/strong>Yhden myyntipaikan eli yhden p\u00f6yt\u00e4 paikan hinta on 65\u20ac. Jos tarvitsen p\u00f6yd\u00e4n lis\u00e4ksi tilan my\u00f6s esim. Rekille on hinta 65\u20ac. Ensisijaisesti yksi paikka\/myyj\u00e4, MUTTA jos tilat antaa periksi pyrin j\u00e4rjest\u00e4m\u00e4\u00e4n my\u00f6s isompia myyntipaikkoja eli ns. Kahden p\u00f6yd\u00e4n paikkoja. Jos haluat isomman myyntipaikan, ilmoitathan siit\u00e4 ilmoittautumisessa. Kahden p\u00f6yd\u00e4n paikan hinta on 110\u20ac<br \/>\n(Hinnat sis. Alv:n 25,5%. Hinta yhteens\u00e4 siis kahdelta p\u00e4iv\u00e4lt\u00e4.)<\/p>\n<p><strong>ILMOITTAUTUMINEN MYYJ\u00c4KSI<br \/>\n<\/strong>Ilmoittautuminen myyj\u00e4ksi tapahtuu tapahtuman internetsivujen (http:\/\/www.kuopiolive.fi\/) kautta, nettilomakkeella. Ilmoittautumiset tulevat allekirjoittaneelle. Saat vahvistuksen, kun olen k\u00e4sitellyt ilmoittautumisen. Tarkemmat paikat vahvistetaan puolestaan hyviss\u00e4 ajoin ennen tapahtumaa.<\/p>\n<p>Tarvittavat tiedot:<br \/>\nYrityksen nimi<br \/>\nYhteyshenkil\u00f6 \/ myyj\u00e4<br \/>\nYhteystiedot: s\u00e4hk\u00f6postiosoite, www -osoite (markkinointitarkoitukseen)<br \/>\nTuotevalikoima<br \/>\nToiveet paikan suhteen:<br \/>\nSis\u00e4- vai ulkopaikka<br \/>\nYksi paikka vai isompi paikka<br \/>\nTarvitsetko tilan rekille tai muulle isommalle myyntiartikkelille yms.<\/p>\n<p>&nbsp;<\/p>\n<p><strong>TORIN RAKENTAMINEN<\/strong><strong><br \/>\n<\/strong><\/p>\n<p>Joulutoria aletaa rakentamaan jo torstaina. Myyj\u00e4t voivat tulla laittamaan omia p\u00f6yti\u00e4\u00e4n puolestaan jo perjantaina. (Aikataulu tarkentuu l\u00e4hemp\u00e4n\u00e4.)<br \/>\nLauantaina paikan p\u00e4\u00e4lle p\u00e4\u00e4see jo vaikka heti aamustakin, jos ei esim halua\/p\u00e4\u00e4se perjantaina paikkaa laittamaan. (T\u00e4st\u00e4kin aika tarkentuu l\u00e4hemp\u00e4n\u00e4.)<\/p>\n<p>Omaa myyntiapaikkaa saa alkaa purkamaan vasta kun tapahtuma on sulkeutunut. Eli myyjien on maltettava olla myyntivalmiudessa loppuun asti. Sunnuntaina purkamiselle on hyvin aikaa ja n\u00e4ill\u00e4 n\u00e4kymin purkuaika jatkuu my\u00f6s maanantaille.<\/p>\n<p><strong>Huom:<\/strong><br \/>\n<strong>Tapahtuma j\u00e4rjestet\u00e4\u00e4n t\u00e4ysin talkoovoimin, joten jokainen auttava k\u00e4si on tervetullut ja jokainen auttava myyj\u00e4 saa yhden ilmaisen myyntip\u00f6yd\u00e4n.\u00a0<\/strong><\/p>\n<p><strong>OHJELMA<\/strong><\/p>\n<p>Joulukyl\u00e4ss\u00e4 tulee olemaan erilaista ohjelmaa, kuten musiikkiesityksi\u00e4. Tarkemmin tiedotamme ohjelmasta facebook ryhm\u00e4ss\u00e4mme.<\/p>\n","protected":false},"excerpt":{"rendered":"<p>Tervetuloa Kuopio Liven Joulutapahtumaan! Kuopio Live -Facebook ryhm\u00e4 j\u00e4rjest\u00e4\u00e4 TALKOO VOIMIN jouluisen myyntitapahtuman, joka kantaa nime\u00e4 Joulukyl\u00e4 ja Tori. Ei ole mik\u00e4\u00e4n salaisuus, ett\u00e4 esikuvana tapahtumalle on mm. Saksan joulutorit, jotka huokuvat jouluista tunnelmaa tuoksuineen, makuineen ja tuotteineen . Tapahtuman takana ei ole mit\u00e4\u00e4n isoa koneistoa, vaan paikallisia yritt\u00e4ji\u00e4, jotka tekev\u00e4t tapahtumaa vapaaehtoisesti ilman korvausta. [&hellip;]<\/p>\n<br\/><br\/><a class=\"readmore-button\" href=\"https:\/\/www.kuopiolive.fi\/?page_id=82\"> Lue lis&auml;&auml;<\/a>","protected":false},"author":1,"featured_media":0,"parent":0,"menu_order":0,"comment_status":"closed","ping_status":"closed","template":"","meta":{"footnotes":""},"class_list":["post-82","page","type-page","status-publish","hentry"],"jetpack_sharing_enabled":true,"_links":{"self":[{"href":"https:\/\/www.kuopiolive.fi\/index.php?rest_route=\/wp\/v2\/pages\/82","targetHints":{"allow":["GET"]}}],"collection":[{"href":"https:\/\/www.kuopiolive.fi\/index.php?rest_route=\/wp\/v2\/pages"}],"about":[{"href":"https:\/\/www.kuopiolive.fi\/index.php?rest_route=\/wp\/v2\/types\/page"}],"author":[{"embeddable":true,"href":"https:\/\/www.kuopiolive.fi\/index.php?rest_route=\/wp\/v2\/users\/1"}],"replies":[{"embeddable":true,"href":"https:\/\/www.kuopiolive.fi\/index.php?rest_route=%2Fwp%2Fv2%2Fcomments&post=82"}],"version-history":[{"count":11,"href":"https:\/\/www.kuopiolive.fi\/index.php?rest_route=\/wp\/v2\/pages\/82\/revisions"}],"predecessor-version":[{"id":342,"href":"https:\/\/www.kuopiolive.fi\/index.php?rest_route=\/wp\/v2\/pages\/82\/revisions\/342"}],"wp:attachment":[{"href":"https:\/\/www.kuopiolive.fi\/index.php?rest_route=%2Fwp%2Fv2%2Fmedia&parent=82"}],"curies":[{"name":"wp","href":"https:\/\/api.w.org\/{rel}","templated":true}]}}