{"id":34,"date":"2019-10-06T11:48:40","date_gmt":"2019-10-06T08:48:40","guid":{"rendered":"http:\/\/www.kuopiolive.fi\/?page_id=34"},"modified":"2019-10-07T18:24:20","modified_gmt":"2019-10-07T15:24:20","slug":"fb-ryhma","status":"publish","type":"page","link":"https:\/\/www.kuopiolive.fi\/?page_id=34","title":{"rendered":"FB ryhm\u00e4"},"content":{"rendered":"<p>Haluato olla osa jotain uutta?<br \/>\nKuopio Live on raikkaasti erilainen ryhm\u00e4. Ravistelemme perinteisi\u00e4 ryhm\u00e4k\u00e4ytt\u00e4ytymisi\u00e4 ja teemme asioita omalla tyylill\u00e4mme.<\/p>\n<p>T\u00e4ss\u00e4 ei ole kyseess\u00e4 sis\u00e4piiri taikka hyv\u00e4velikerho sill\u00e4 Kuopio Live sanoutuu irti heti t\u00e4llaisesta luokittelusta. Me olemme pienenkin yritt\u00e4j\u00e4n asialla eik\u00e4 kukaan ei koskaan saa olla toista korkeammassa asemassa vaikka jollain mittarilla voisi osoittaa olevansa menestyv\u00e4mpi.<\/p>\n<p>Mutta miksi?<br \/>\nKaikki eiv\u00e4t osaa k\u00e4ytt\u00e4\u00e4 sosiaalista mediaa hy\u00f6dykseen markkinoinnissa. Kaikki eivt\u00e4 tied\u00e4 kuinka nostaa itse\u00e4\u00e4n esille ja tuoda tunnetuksi. Osa ei v\u00e4ltt\u00e4m\u00e4tt\u00e4 edes uskalla nostaa k\u00e4tt\u00e4\u00e4n ja sanoa \u00e4\u00e4neen, ett\u00e4 &#8221;Hei, min\u00e4 olen t\u00e4\u00e4ll\u00e4&#8221;. T\u00e4ss\u00e4 Kuopio Live astuu mukaan. Me kannustamme juuri sinua tuomaan oman palvelusi mukaan esiin. Me annamme SINULLE mahdollisuuden kertoa itsest\u00e4si ryhm\u00e4n kautta.<\/p>\n<p>Yksi oiva esimerkki on Facebookissa levi\u00e4v\u00e4t arvonnat. Jos t\u00e4llaisen arvonnan laittaa omalle sivulle niin siihen osallistuu osa asiakkaista ja muutamia tuttavia yleens\u00e4. Kuopio Live suurarvonta on osoittautunut tehokkaaksi keinoksi saada n\u00e4kyvyytt\u00e4. Lahjoittamalla tuotepalkinnon ryhm\u00e4arvontaan saat nimesi ja yhteystietosi lahjaluetteloon ja t\u00e4t\u00e4 luetteloa selaa todella moni ihminen kun arvonta k\u00e4ynnistyy. Tavoitat tuhansia silm\u00e4pareja hetkess\u00e4.<\/p>\n<p>Jossitellaanko vai toimitaanko?<br \/>\nRyhm\u00e4n k\u00e4ynnistyess\u00e4 ihmiset alkoivat k\u00e4ytt\u00e4m\u00e4\u00e4n sit\u00e4 heti tehokkaasti ja saimme palautetta miten sielt\u00e4 uusia palveluita tulee paremmin esille ja tunnetummaksi. Palvelu ja kysynt\u00e4 alkoivat kohtaamaan. Syntyi uusi ehdotus: pit\u00e4isik\u00f6 j\u00e4rjest\u00e4\u00e4 myyj\u00e4iset? Tuli positiivisia ajtuksia ja ei tarvinnut kuin pieni t\u00f6n\u00e4isy eteenp\u00e4in niin homma l\u00e4hti vy\u00f6rym\u00e4\u00e4n. Ja mill\u00e4 innolla? Ette varmasti osaa kuvitellakaan mink\u00e4 verran on tullut yhteisty\u00f6tarjouksia ja ehdotuksia tapahtuman osalta. Kaikki haluavat olla mukana luomassa jotain uutta. &#8221;T\u00e4llainen on puuttunut t\u00e4st\u00e4 kaupungista ja haluamme olla mukana sen toteuttamisessa&#8221; &#8211; &#8221;T\u00e4m\u00e4 on parasta mit\u00e4 Kuopiossa on pitk\u00e4\u00e4n aikaan tapahtunut&#8221;. Jokainen on tarjonnut oman panoksensa ja voin luvata, ett\u00e4 kaikkien ty\u00f6panos tulee tarpeeseen. T\u00e4m\u00e4 on siis esimerkki siit\u00e4, ett\u00e4 t\u00e4m\u00e4 kaupunki kaipaa yritt\u00e4jien yhteisty\u00f6t\u00e4. Nyt siihen on olemassa kanava &#8211; hy\u00f6dynnet\u00e4\u00e4n t\u00e4t\u00e4 voimaa yhdess\u00e4.<\/p>\n<p>Mit\u00e4 t\u00e4m\u00e4 maksaa?<br \/>\nEi mit\u00e4\u00e4n. Py\u00f6re\u00e4t nolla euroa. Yksi reunaehto on vain olemassa. Kun hy\u00f6dynn\u00e4t ryhm\u00e4\u00e4 niin muista my\u00f6s antaa sille jotain. Mik\u00e4\u00e4n ei toimi pitk\u00e4\u00e4n jos siit\u00e4 vain otetaan. T\u00e4m\u00e4 tarkoittaa, ett\u00e4 kutsu mukaan yst\u00e4vi\u00e4 ja asiakkaita hy\u00f6dynt\u00e4m\u00e4\u00e4n ryhm\u00e4n potentiaalia. Meid\u00e4n on opittava toimimaan yhdess\u00e4 eik\u00e4 vain py\u00f6ritell\u00e4 omia asioita pieniss\u00e4 piireiss\u00e4. Varmasti ryhm\u00e4ss\u00e4 on kilpailevia toimijoita joiden luokse ei haluttaisi omia asiakkaita laskea, mutta juuri kilpailu pit\u00e4\u00e4 toiminnan virke\u00e4n\u00e4 ja kehittyv\u00e4n\u00e4.<\/p>\n<p>Nelj\u00e4ss\u00e4 viikossa ryhm\u00e4 kasvoi yli 4000 j\u00e4senen ryhm\u00e4ksi ja kasvaa nyt tasaiseen tahtiin joka p\u00e4iv\u00e4. Joko sin\u00e4 olet yksi meist\u00e4?<\/p>\n<p>&#8211; Jarmo Kuittinen: Kuopio Live perustaja<\/p>\n","protected":false},"excerpt":{"rendered":"<p>Haluato olla osa jotain uutta? Kuopio Live on raikkaasti erilainen ryhm\u00e4. Ravistelemme perinteisi\u00e4 ryhm\u00e4k\u00e4ytt\u00e4ytymisi\u00e4 ja teemme asioita omalla tyylill\u00e4mme. T\u00e4ss\u00e4 ei ole kyseess\u00e4 sis\u00e4piiri taikka hyv\u00e4velikerho sill\u00e4 Kuopio Live sanoutuu irti heti t\u00e4llaisesta luokittelusta. Me olemme pienenkin yritt\u00e4j\u00e4n asialla eik\u00e4 kukaan ei koskaan saa olla toista korkeammassa asemassa vaikka jollain mittarilla voisi osoittaa olevansa menestyv\u00e4mpi. [&hellip;]<\/p>\n<br\/><br\/><a class=\"readmore-button\" href=\"https:\/\/www.kuopiolive.fi\/?page_id=34\"> Lue lis&auml;&auml;<\/a>","protected":false},"author":1,"featured_media":0,"parent":0,"menu_order":0,"comment_status":"closed","ping_status":"closed","template":"","meta":{"footnotes":""},"class_list":["post-34","page","type-page","status-publish","hentry"],"jetpack_sharing_enabled":true,"_links":{"self":[{"href":"https:\/\/www.kuopiolive.fi\/index.php?rest_route=\/wp\/v2\/pages\/34","targetHints":{"allow":["GET"]}}],"collection":[{"href":"https:\/\/www.kuopiolive.fi\/index.php?rest_route=\/wp\/v2\/pages"}],"about":[{"href":"https:\/\/www.kuopiolive.fi\/index.php?rest_route=\/wp\/v2\/types\/page"}],"author":[{"embeddable":true,"href":"https:\/\/www.kuopiolive.fi\/index.php?rest_route=\/wp\/v2\/users\/1"}],"replies":[{"embeddable":true,"href":"https:\/\/www.kuopiolive.fi\/index.php?rest_route=%2Fwp%2Fv2%2Fcomments&post=34"}],"version-history":[{"count":2,"href":"https:\/\/www.kuopiolive.fi\/index.php?rest_route=\/wp\/v2\/pages\/34\/revisions"}],"predecessor-version":[{"id":95,"href":"https:\/\/www.kuopiolive.fi\/index.php?rest_route=\/wp\/v2\/pages\/34\/revisions\/95"}],"wp:attachment":[{"href":"https:\/\/www.kuopiolive.fi\/index.php?rest_route=%2Fwp%2Fv2%2Fmedia&parent=34"}],"curies":[{"name":"wp","href":"https:\/\/api.w.org\/{rel}","templated":true}]}}