{"id":130,"date":"2020-03-22T10:42:28","date_gmt":"2020-03-22T08:42:28","guid":{"rendered":"http:\/\/www.kuopiolive.fi\/?page_id=130"},"modified":"2020-03-22T10:43:29","modified_gmt":"2020-03-22T08:43:29","slug":"yhdistys","status":"publish","type":"page","link":"https:\/\/www.kuopiolive.fi\/?page_id=130","title":{"rendered":"Yhdistys"},"content":{"rendered":"<p>Kuopio Live on saavuttanut suuren suosion ja t\u00e4lt\u00e4 pohjalta otimme uuden askeleen toiminnan kehitt\u00e4misess\u00e4. Yhdisyksen perustaminen oli luonnollinen ratkaisu. Kuopio Live ry perustamisilmoitus on j\u00e4tetty Patentti ja rekisterihallitukselle 17.2.2020.<\/p>\n<p><strong>Hallitus:<\/strong><\/p>\n<p><strong>Puheenjohtaja<\/strong><br \/>\nJarmo Kuittinen<br \/>\n0440670302<\/p>\n<p><strong>Varapuheenjohtaja<\/strong><br \/>\nPiia Jonninen<\/p>\n<p><strong>Sihteeri<\/strong><br \/>\nSatu Mononen<\/p>\n<p><strong>Hallituksen j\u00e4senet<\/strong><br \/>\nTuija Jonninen<br \/>\nJuha Makkonen<br \/>\nSawohouse Oy<\/p>\n<p><strong>Toiminnan tarkastaja<\/strong><br \/>\nJonni Marttila<\/p>\n","protected":false},"excerpt":{"rendered":"<p>Kuopio Live on saavuttanut suuren suosion ja t\u00e4lt\u00e4 pohjalta otimme uuden askeleen toiminnan kehitt\u00e4misess\u00e4. Yhdisyksen perustaminen oli luonnollinen ratkaisu. Kuopio Live ry perustamisilmoitus on j\u00e4tetty Patentti ja rekisterihallitukselle 17.2.2020. Hallitus: Puheenjohtaja Jarmo Kuittinen 0440670302 Varapuheenjohtaja Piia Jonninen Sihteeri Satu Mononen Hallituksen j\u00e4senet Tuija Jonninen Juha Makkonen Sawohouse Oy Toiminnan tarkastaja Jonni Marttila<\/p>\n<br\/><br\/><a class=\"readmore-button\" href=\"https:\/\/www.kuopiolive.fi\/?page_id=130\"> Lue lis&auml;&auml;<\/a>","protected":false},"author":1,"featured_media":0,"parent":0,"menu_order":0,"comment_status":"closed","ping_status":"closed","template":"","meta":{"footnotes":""},"class_list":["post-130","page","type-page","status-publish","hentry"],"jetpack_sharing_enabled":true,"_links":{"self":[{"href":"https:\/\/www.kuopiolive.fi\/index.php?rest_route=\/wp\/v2\/pages\/130","targetHints":{"allow":["GET"]}}],"collection":[{"href":"https:\/\/www.kuopiolive.fi\/index.php?rest_route=\/wp\/v2\/pages"}],"about":[{"href":"https:\/\/www.kuopiolive.fi\/index.php?rest_route=\/wp\/v2\/types\/page"}],"author":[{"embeddable":true,"href":"https:\/\/www.kuopiolive.fi\/index.php?rest_route=\/wp\/v2\/users\/1"}],"replies":[{"embeddable":true,"href":"https:\/\/www.kuopiolive.fi\/index.php?rest_route=%2Fwp%2Fv2%2Fcomments&post=130"}],"version-history":[{"count":2,"href":"https:\/\/www.kuopiolive.fi\/index.php?rest_route=\/wp\/v2\/pages\/130\/revisions"}],"predecessor-version":[{"id":133,"href":"https:\/\/www.kuopiolive.fi\/index.php?rest_route=\/wp\/v2\/pages\/130\/revisions\/133"}],"wp:attachment":[{"href":"https:\/\/www.kuopiolive.fi\/index.php?rest_route=%2Fwp%2Fv2%2Fmedia&parent=130"}],"curies":[{"name":"wp","href":"https:\/\/api.w.org\/{rel}","templated":true}]}}